{"id":1279,"date":"2016-09-06T14:09:50","date_gmt":"2016-09-06T14:09:50","guid":{"rendered":"http:\/\/www.reitbauernhof.com\/sample-page\/"},"modified":"2023-01-19T19:22:24","modified_gmt":"2023-01-19T18:22:24","slug":"home","status":"publish","type":"page","link":"https:\/\/www.reitbauernhof.com\/en\/","title":{"rendered":"Home"},"content":{"rendered":"<div class=\"wpb-content-wrapper\"><p>[vc_row][vc_column][vc_column_text]<\/p>\n<h1>Apartments &amp; Chalet<br \/>\nin Grossarl, Salzburg<\/h1>\n<h2>Your farm holiday\u00a0in\u00a0Austria<\/h2>\n<p>[\/vc_column_text][\/vc_column][\/vc_row][vc_row][vc_column width=&#8221;1\/2&#8243;][vc_column_text]Return to our roots and experience nature close up&#8230; The\u00a0<strong>Reitbauernhof Farm in Grossarl<\/strong>\u00a0is situated in a sunny, secluded location on a slope,<strong> right by the ski piste 4A.\u00a0<\/strong>In addition to its\u00a0<strong>prime location<\/strong>\u00a0the\u00a0<strong>farm\u00a0<\/strong>also scores points with its <strong>owners&#8217;, <\/strong>the Gruber Family, <strong>affinity to nature.<\/strong>\u00a0In our cosy <a href=\"https:\/\/www.reitbauernhof.com\/en\/rooms-grossarl\/\">rooms<\/a> and <a href=\"https:\/\/www.reitbauernhof.com\/en\/apartments-grossarl\/\">apartments<\/a>\u00a0you\u2019ll find everything you\u2019ll need for your\u00a0<a href=\"https:\/\/www.reitbauernhof.com\/en\/summer-break-walking-holiday-grossarl\/\">summer break<\/a>\u00a0or\u00a0<a href=\"https:\/\/www.reitbauernhof.com\/en\/ski-holiday-grossarl-ski-amade\/\">winter holiday<\/a>\u00a0in the Salzburger Land.[\/vc_column_text][\/vc_column][vc_column width=&#8221;1\/2&#8243;][vc_column_text]On your farm holiday enjoy our <strong>farm and alpine pasture produce<\/strong> at breakfast time.\u00a0During the\u00a0<a href=\"https:\/\/www.reitbauernhof.com\/en\/farm-holiday-grossarl\/\">activities for children and guests<\/a>\u00a0get to know the Salzburg countryside and life on the farm (feeding the farm animals, creating hay figures, baking bread&#8230;).\u00a0Our highlight for a\u00a0<strong>group, couple or family holiday\u00a0in Salzburg <\/strong>&#8211; rent our\u00a0<a href=\"https:\/\/www.reitbauernhof.com\/en\/alpine-hut-grossarl\/\">hut for\u00a0 2 &#8211; 6 persons<\/a>\u00a0and spend a great holiday\u00a0in the\u00a0<a href=\"http:\/\/www.skiamade.com\/de\/winter\" target=\"_blank\" rel=\"noopener\">Ski amad\u00e9<\/a>\u00a0and the Salzburger Sportwelt.[\/vc_column_text][\/vc_column][\/vc_row][vc_row el_class=&#8221;grid-startseite&#8221;][vc_column][vc_row_inner][vc_column_inner width=&#8221;1\/2&#8243;]<div class=\"ult-new-ib ult-ib-effect-style15  ult-ib-resp   vc_custom_1542714614068\" data-min-width=\"768\" data-max-width=\"900\" style=\"background:#876856;\" data-opacity=\"1\" data-hover-opacity=\"0.6\" ><img decoding=\"async\" class=\"ult-new-ib-img\" style=\"opacity:1;\" alt=\"Zimmer in Gro\u00dfarl, Salzburger Land, Ski amad\u00e9 - Reitbauernhof\" src=\"https:\/\/www.reitbauernhof.com\/wp-content\/uploads\/zimmer-gro\u00dfarl-reitbauernhof-1.jpg\"   \/><div id=\"interactive-banner-wrap-3785\" class=\"ult-new-ib-desc\" style=\"\"><h2 class=\"ult-new-ib-title ult-responsive\"  data-ultimate-target='#interactive-banner-wrap-3785 .ult-new-ib-title'  data-responsive-json-new='{\"font-size\":\"\",\"line-height\":\"\"}'  style=\"font-weight:normal;\">Rooms &amp; Prices<\/h2><\/div><a class=\"ult-new-ib-link\" href=\"http:\/\/www.reitbauernhof.com\/en\/rooms-grossarl\/\" title=\"Rooms &amp; Prices\"  ><\/a><\/div>[\/vc_column_inner][vc_column_inner width=&#8221;1\/2&#8243;]<div class=\"ult-new-ib ult-ib-effect-style15  ult-ib-resp   vc_custom_1542708037541\" data-min-width=\"768\" data-max-width=\"900\" style=\"background:#876856;\" data-opacity=\"1\" data-hover-opacity=\"0.6\" ><img decoding=\"async\" class=\"ult-new-ib-img\" style=\"opacity:1;\" alt=\"Ferienwohnungen in Gro\u00dfarl, Salzburger Land, Ski amad\u00e9 - Reitbauernhof\" src=\"https:\/\/www.reitbauernhof.com\/wp-content\/uploads\/zimmer-ferienwohnungen-gro\u00dfarl-reitbauernhof-2-1.jpg\"   \/><div id=\"interactive-banner-wrap-8982\" class=\"ult-new-ib-desc\" style=\"\"><h2 class=\"ult-new-ib-title ult-responsive\"  data-ultimate-target='#interactive-banner-wrap-8982 .ult-new-ib-title'  data-responsive-json-new='{\"font-size\":\"\",\"line-height\":\"\"}'  style=\"font-weight:normal;\">Apartments in Grossarl<\/h2><\/div><a class=\"ult-new-ib-link\" href=\"http:\/\/www.reitbauernhof.com\/en\/apartments-grossarl\/\" title=\"Apartments &amp; Prices\"  ><\/a><\/div>[\/vc_column_inner][\/vc_row_inner][vc_row_inner][vc_column_inner width=&#8221;1\/3&#8243;]<div class=\"ult-new-ib ult-ib-effect-style15  ult-ib-resp   vc_custom_1542708041264\" data-min-width=\"768\" data-max-width=\"900\" style=\"background:#876856;\" data-opacity=\"1\" data-hover-opacity=\"0.6\" ><img decoding=\"async\" class=\"ult-new-ib-img\" style=\"opacity:1;\" alt=\"Almh\u00fctte in Gro\u00dfarl, Salzburger Land, f\u00fcr 2 \u2013 6 Personen \u2013 Reitbauernhof\" src=\"https:\/\/www.reitbauernhof.com\/wp-content\/uploads\/almhuette-grossarl-salzburger-land-reitbauernhof.jpg\"   \/><div id=\"interactive-banner-wrap-4961\" class=\"ult-new-ib-desc\" style=\"\"><h2 class=\"ult-new-ib-title ult-responsive\"  data-ultimate-target='#interactive-banner-wrap-4961 .ult-new-ib-title'  data-responsive-json-new='{\"font-size\":\"\",\"line-height\":\"\"}'  style=\"font-weight:normal;\">Chalet in Grossarl<\/h2><\/div><a class=\"ult-new-ib-link\" href=\"https:\/\/www.reitbauernhof.com\/en\/self-catering-chalet-grossarl\/\" title=\"Self-catering Chalet\"  ><\/a><\/div>[\/vc_column_inner][vc_column_inner width=&#8221;1\/3&#8243;]<div class=\"ult-new-ib ult-ib-effect-style15  ult-ib-resp   vc_custom_1483433777479\" data-min-width=\"768\" data-max-width=\"900\" style=\"background:#876856;\" data-opacity=\"1\" data-hover-opacity=\"0.6\" ><img decoding=\"async\" class=\"ult-new-ib-img\" style=\"opacity:1;\" alt=\"Kr\u00e4uterbeet am Reitbauernhof, Gro\u00dfarl, Salzburger Land \u2013 Urlaub am Bauernhof in \u00d6sterreich\" src=\"https:\/\/www.reitbauernhof.com\/wp-content\/uploads\/Urlaub-am-Bauernhof-grossarl-reitbauernhof-1.jpg\"   \/><div id=\"interactive-banner-wrap-3407\" class=\"ult-new-ib-desc\" style=\"\"><h2 class=\"ult-new-ib-title ult-responsive\"  data-ultimate-target='#interactive-banner-wrap-3407 .ult-new-ib-title'  data-responsive-json-new='{\"font-size\":\"\",\"line-height\":\"\"}'  style=\"font-weight:normal;\">Adventure farm<\/h2><\/div><a class=\"ult-new-ib-link\" href=\"http:\/\/www.reitbauernhof.com\/en\/farm-holiday-grossarl\/\" title=\"Adventure Farm\"  ><\/a><\/div>[\/vc_column_inner][vc_column_inner width=&#8221;1\/3&#8243;]<div class=\"ult-new-ib ult-ib-effect-style15  ult-ib-resp   vc_custom_1483433794019\" data-min-width=\"768\" data-max-width=\"900\" style=\"background:#876856;\" data-opacity=\"1\" data-hover-opacity=\"0.6\" ><img decoding=\"async\" class=\"ult-new-ib-img\" style=\"opacity:1;\" alt=\"Ausflugstipps im Salzburger Land \u2013 Reitbauernhof in Gro\u00dfarl, Ski amad\u00e9\" src=\"https:\/\/www.reitbauernhof.com\/wp-content\/uploads\/ausflugsziele-salzburger-land-grossarl-reitbauernhof.jpg\"   \/><div id=\"interactive-banner-wrap-3222\" class=\"ult-new-ib-desc\" style=\"\"><h2 class=\"ult-new-ib-title ult-responsive\"  data-ultimate-target='#interactive-banner-wrap-3222 .ult-new-ib-title'  data-responsive-json-new='{\"font-size\":\"\",\"line-height\":\"\"}'  style=\"font-weight:normal;\">Sights &amp; attractions<\/h2><\/div><a class=\"ult-new-ib-link\" href=\"http:\/\/www.reitbauernhof.com\/en\/sights\/\" title=\"Sights &amp; attractions\"  ><\/a><\/div>[\/vc_column_inner][\/vc_row_inner][\/vc_column][\/vc_row][vc_row css=&#8221;.vc_custom_1473945045177{margin-top: 35px !important;}&#8221;][vc_column][vc_column_text]<\/p>\n<h5>Authenticity, tradition &amp; the love of local nature<\/h5>\n<p>[\/vc_column_text][vc_column_text]The name\u00a0&#8220;Reit&#8221; comes from\u00a0&#8220;Reut&#8221;, meaning\u00a0<strong>&#8220;clearing&#8221;<\/strong>. In olden days there was just forest where our farm is now situated at an altitude of\u00a0920 m. During the many\u00a0<a href=\"https:\/\/www.reitbauernhof.com\/en\/farm-holiday-grossarl\/\">guest activities<\/a>\u00a0we&#8217;ll show you and your children traditional <strong>life on the farm.<\/strong>\u00a0The fourth generation of our family is now running the farm in Grossarl. Our main areas are\u00a0<strong>dairy, forestry and alpine pasture farming,<\/strong> cattle and horse breeding, the <strong>direct marketing or our produce<\/strong> and\u00a0<span class=\"s1\"><strong>renting holiday accommodation<\/strong>.\u00a0<\/span>Butter, cheese, jams, sausage meat etc. come from our own production. In addition your children playfully get to know our\u00a0<strong>farm animals<\/strong>\u00a0such as cows, cats, horses, ducks, hens etc.[\/vc_column_text][\/vc_column][\/vc_row][vc_row][vc_column width=&#8221;1\/4&#8243;][vc_single_image image=&#8221;786&#8243; img_size=&#8221;small&#8221; css=&#8221;.vc_custom_1476345571629{margin-top: -10px !important;}&#8221;][\/vc_column][vc_column width=&#8221;3\/4&#8243;][vc_column_text css=&#8221;.vc_custom_1674152538954{margin-top: -10px !important;}&#8221;]<\/p>\n<h6>Quality-tested farm with 3 flowers<\/h6>\n<p>We&#8217;re very proud to be a\u00a0<strong>quality-tested farm awarded<\/strong> with\u00a0<strong>3\u00a0flowers<\/strong>. However, our utmost concern is to pass on our <strong>love of nature<\/strong> and <strong>our traditions<\/strong> to our guests on their <strong>farm holiday.<\/strong> We,<span class=\"s1\">\u00a0Rupert and Anna, together with our child Rupert, look forward to welcoming you in our rooms and apartments in Grossarl.<\/span>[\/vc_column_text][vc_column_text]See you soon in Grossarl, Salzburger Land,<\/p>\n<h5>Your Family Gruber<\/h5>\n<p>[\/vc_column_text][\/vc_column][\/vc_row]<\/p>\n<\/div>","protected":false},"excerpt":{"rendered":"<p>[vc_row][vc_column][vc_column_text] Apartments &amp; Chalet in Grossarl, Salzburg Your farm holiday\u00a0in\u00a0Austria [\/vc_column_text][\/vc_column][\/vc_row][vc_row][vc_column width=&#8221;1\/2&#8243;][vc_column_text]Return to our roots and experience nature close up&#8230; The\u00a0Reitbauernhof Farm in Grossarl\u00a0is situated in a sunny, secluded location on a slope, right by the ski piste 4A.\u00a0In addition to its\u00a0prime location\u00a0the\u00a0farm\u00a0also scores points with its owners&#8217;, the Gruber Family, affinity to nature.\u00a0In our &hellip;<\/p>\n\n<p><a class=\"readmore btn btn-default btn-default btn-block\" href=\"https:\/\/www.reitbauernhof.com\/en\/\">Read More<\/a><\/p>","protected":false},"author":1,"featured_media":0,"parent":0,"menu_order":0,"comment_status":"closed","ping_status":"closed","template":"page-startseite.php","meta":{"footnotes":""},"class_list":["post-1279","page","type-page","status-publish","hentry"],"yoast_head":"<!-- This site is optimized with the Yoast SEO plugin v27.4 - https:\/\/yoast.com\/product\/yoast-seo-wordpress\/ -->\n<title>Rooms, chalet &amp; apartments in Grossarl, Salzburg, holiday on the farm<\/title>\n<meta name=\"description\" content=\"Spend your holiday on the farm in Grossarl, Salzburg: rooms &amp; apartments for 2-6 persons, self-catering chalet, adventure farm with guest activities...\" \/>\n<meta name=\"robots\" content=\"index, follow, max-snippet:-1, max-image-preview:large, max-video-preview:-1\" \/>\n<link rel=\"canonical\" href=\"https:\/\/www.reitbauernhof.com\/en\/\" \/>\n<meta property=\"og:locale\" content=\"en_US\" \/>\n<meta property=\"og:type\" content=\"article\" \/>\n<meta property=\"og:title\" content=\"Rooms, chalet &amp; apartments in Grossarl, Salzburg, holiday on the farm\" \/>\n<meta property=\"og:description\" content=\"Spend your holiday on the farm in Grossarl, Salzburg: rooms &amp; apartments for 2-6 persons, self-catering chalet, adventure farm with guest activities...\" \/>\n<meta property=\"og:url\" content=\"https:\/\/www.reitbauernhof.com\/en\/\" \/>\n<meta property=\"og:site_name\" content=\"Reitbauernhof Gro\u00dfarl\" \/>\n<meta property=\"article:modified_time\" content=\"2023-01-19T18:22:24+00:00\" \/>\n<meta name=\"twitter:label1\" content=\"Est. reading time\" \/>\n\t<meta name=\"twitter:data1\" content=\"5 minutes\" \/>\n<script type=\"application\/ld+json\" class=\"yoast-schema-graph\">{\"@context\":\"https:\\\/\\\/schema.org\",\"@graph\":[{\"@type\":\"WebPage\",\"@id\":\"https:\\\/\\\/www.reitbauernhof.com\\\/en\\\/\",\"url\":\"https:\\\/\\\/www.reitbauernhof.com\\\/en\\\/\",\"name\":\"Rooms, chalet & apartments in Grossarl, Salzburg, holiday on the farm\",\"isPartOf\":{\"@id\":\"https:\\\/\\\/www.reitbauernhof.com\\\/en\\\/#website\"},\"datePublished\":\"2016-09-06T14:09:50+00:00\",\"dateModified\":\"2023-01-19T18:22:24+00:00\",\"description\":\"Spend your holiday on the farm in Grossarl, Salzburg: rooms & apartments for 2-6 persons, self-catering chalet, adventure farm with guest activities...\",\"breadcrumb\":{\"@id\":\"https:\\\/\\\/www.reitbauernhof.com\\\/en\\\/#breadcrumb\"},\"inLanguage\":\"en-US\",\"potentialAction\":[{\"@type\":\"ReadAction\",\"target\":[\"https:\\\/\\\/www.reitbauernhof.com\\\/en\\\/\"]}]},{\"@type\":\"BreadcrumbList\",\"@id\":\"https:\\\/\\\/www.reitbauernhof.com\\\/en\\\/#breadcrumb\",\"itemListElement\":[{\"@type\":\"ListItem\",\"position\":1,\"name\":\"Startseite\",\"item\":\"https:\\\/\\\/www.reitbauernhof.com\\\/en\\\/\"},{\"@type\":\"ListItem\",\"position\":2,\"name\":\"Home\"}]},{\"@type\":\"WebSite\",\"@id\":\"https:\\\/\\\/www.reitbauernhof.com\\\/en\\\/#website\",\"url\":\"https:\\\/\\\/www.reitbauernhof.com\\\/en\\\/\",\"name\":\"Reitbauernhof Gro\u00dfarl\",\"description\":\"Urlaub am Bauernhof in Gro\u00dfarl\",\"potentialAction\":[{\"@type\":\"SearchAction\",\"target\":{\"@type\":\"EntryPoint\",\"urlTemplate\":\"https:\\\/\\\/www.reitbauernhof.com\\\/en\\\/?s={search_term_string}\"},\"query-input\":{\"@type\":\"PropertyValueSpecification\",\"valueRequired\":true,\"valueName\":\"search_term_string\"}}],\"inLanguage\":\"en-US\"}]}<\/script>\n<!-- \/ Yoast SEO plugin. -->","yoast_head_json":{"title":"Rooms, chalet & apartments in Grossarl, Salzburg, holiday on the farm","description":"Spend your holiday on the farm in Grossarl, Salzburg: rooms & apartments for 2-6 persons, self-catering chalet, adventure farm with guest activities...","robots":{"index":"index","follow":"follow","max-snippet":"max-snippet:-1","max-image-preview":"max-image-preview:large","max-video-preview":"max-video-preview:-1"},"canonical":"https:\/\/www.reitbauernhof.com\/en\/","og_locale":"en_US","og_type":"article","og_title":"Rooms, chalet & apartments in Grossarl, Salzburg, holiday on the farm","og_description":"Spend your holiday on the farm in Grossarl, Salzburg: rooms & apartments for 2-6 persons, self-catering chalet, adventure farm with guest activities...","og_url":"https:\/\/www.reitbauernhof.com\/en\/","og_site_name":"Reitbauernhof Gro\u00dfarl","article_modified_time":"2023-01-19T18:22:24+00:00","twitter_misc":{"Est. reading time":"5 minutes"},"schema":{"@context":"https:\/\/schema.org","@graph":[{"@type":"WebPage","@id":"https:\/\/www.reitbauernhof.com\/en\/","url":"https:\/\/www.reitbauernhof.com\/en\/","name":"Rooms, chalet & apartments in Grossarl, Salzburg, holiday on the farm","isPartOf":{"@id":"https:\/\/www.reitbauernhof.com\/en\/#website"},"datePublished":"2016-09-06T14:09:50+00:00","dateModified":"2023-01-19T18:22:24+00:00","description":"Spend your holiday on the farm in Grossarl, Salzburg: rooms & apartments for 2-6 persons, self-catering chalet, adventure farm with guest activities...","breadcrumb":{"@id":"https:\/\/www.reitbauernhof.com\/en\/#breadcrumb"},"inLanguage":"en-US","potentialAction":[{"@type":"ReadAction","target":["https:\/\/www.reitbauernhof.com\/en\/"]}]},{"@type":"BreadcrumbList","@id":"https:\/\/www.reitbauernhof.com\/en\/#breadcrumb","itemListElement":[{"@type":"ListItem","position":1,"name":"Startseite","item":"https:\/\/www.reitbauernhof.com\/en\/"},{"@type":"ListItem","position":2,"name":"Home"}]},{"@type":"WebSite","@id":"https:\/\/www.reitbauernhof.com\/en\/#website","url":"https:\/\/www.reitbauernhof.com\/en\/","name":"Reitbauernhof Gro\u00dfarl","description":"Urlaub am Bauernhof in Gro\u00dfarl","potentialAction":[{"@type":"SearchAction","target":{"@type":"EntryPoint","urlTemplate":"https:\/\/www.reitbauernhof.com\/en\/?s={search_term_string}"},"query-input":{"@type":"PropertyValueSpecification","valueRequired":true,"valueName":"search_term_string"}}],"inLanguage":"en-US"}]}},"_links":{"self":[{"href":"https:\/\/www.reitbauernhof.com\/en\/wp-json\/wp\/v2\/pages\/1279","targetHints":{"allow":["GET"]}}],"collection":[{"href":"https:\/\/www.reitbauernhof.com\/en\/wp-json\/wp\/v2\/pages"}],"about":[{"href":"https:\/\/www.reitbauernhof.com\/en\/wp-json\/wp\/v2\/types\/page"}],"author":[{"embeddable":true,"href":"https:\/\/www.reitbauernhof.com\/en\/wp-json\/wp\/v2\/users\/1"}],"replies":[{"embeddable":true,"href":"https:\/\/www.reitbauernhof.com\/en\/wp-json\/wp\/v2\/comments?post=1279"}],"version-history":[{"count":0,"href":"https:\/\/www.reitbauernhof.com\/en\/wp-json\/wp\/v2\/pages\/1279\/revisions"}],"wp:attachment":[{"href":"https:\/\/www.reitbauernhof.com\/en\/wp-json\/wp\/v2\/media?parent=1279"}],"curies":[{"name":"wp","href":"https:\/\/api.w.org\/{rel}","templated":true}]}}